{"id":8,"date":"2017-10-17T21:05:54","date_gmt":"2017-10-17T21:05:54","guid":{"rendered":"http:\/\/stds-records.de\/index.php\/one-page-express\/"},"modified":"2017-10-17T21:24:22","modified_gmt":"2017-10-17T21:24:22","slug":"one-page-express","status":"publish","type":"page","link":"https:\/\/stds-records.de\/","title":{"rendered":"Startseite"},"content":{"rendered":"\t\t<div data-elementor-type=\"wp-post\" data-elementor-id=\"8\" class=\"elementor elementor-8 elementor-bc-flex-widget\">\n\t\t\t\t\t\t<section class=\"elementor-section elementor-top-section elementor-element elementor-element-ckkvzzf elementor-section-boxed elementor-section-height-default elementor-section-height-default\" data-id=\"ckkvzzf\" data-element_type=\"section\">\n\t\t\t\t\t\t<div class=\"elementor-container elementor-column-gap-default\">\n\t\t\t\t\t<div class=\"elementor-column elementor-col-100 elementor-top-column elementor-element elementor-element-oe0wkwb\" data-id=\"oe0wkwb\" data-element_type=\"column\">\n\t\t\t<div class=\"elementor-widget-wrap elementor-element-populated\">\n\t\t\t\t\t\t<div class=\"elementor-element elementor-element-p4t2l9a elementor-widget elementor-widget-text-editor\" data-id=\"p4t2l9a\" data-element_type=\"widget\" data-widget_type=\"text-editor.default\">\n\t\t\t\t<div class=\"elementor-widget-container\">\n\t\t\t\t\t\t\t\t\t<p><span class=\"textnorm\"><strong>Auf unserer Homepage m\u00f6chten wir ihnen einen kleinen Einblick in unser Unternehmen geben. Im Vordergrund steht hier nat\u00fcrlich der &#8222;Summer-Time-Dance-Shop&#8220; &#8211; die mobile Diskothek f\u00fcr die Oberlausitz.<\/strong><\/span><\/p><p><span class=\"textnorm\"><strong>+++ NEU +++\u00a0Unser Komplettes\u00a0Musikarchiv ist bei der GEMA lizensiert!<\/strong><\/span><\/p><p><span class=\"textnorm\"><strong>Geschichte:<\/strong><\/span><\/p><ul><li>1985 Gr\u00fcndung der Diskothek (damals unter dem Namen &#8222;Fireman Diskothek&#8220; mit den Mitgliedern Torsten Mai, Thomas Priebsch, Michael Wilke und J\u00f6rg Schr\u00f6der)<\/li><li>1989 Umbenennung in &#8222;Summer Time Dance Shop&#8220; mit den verbleibenden Mitgliedern Torsten Mai und Michael Wilke<\/li><li>1990 Gr\u00fcndung einer weiteren Mobil-Diskothek (mit Namen &#8222;Disco 2000&#8220; und den Mitgliedern Sebastian Weise und Rocco Neumann)<\/li><li>1992 Zusammenschluss beider Diskotheken unter dem Namen &#8222;Summer-Time-Dance-Shop&#8220; Torsten Mai und Partner GbR. Mit der Besetzung Torsten, Michael, Sebastian und Rocco.<\/li><li>In den 90ern zogen sich dann Rocco und Michael aus dem Discogesch\u00e4ft zur\u00fcck.<\/li><li>1999 erneute Umbenennung des Firmennamen von Torsten Mai und Partner GbR zu Torsten Mai und Sebastian Weise GbR<\/li><li>Seit 2005 Einstieg in den Handel mit Pyrotechnischen Erzeugnissen und Herstellung ma\u00dfgeschneiderter Case und Truhen<\/li><li>2006 Erweiterung der Produktpalette um Elektroinstallationsmaterial und Feuerl\u00f6schger\u00e4te und deren Pr\u00fcfung<\/li><li>2011 Erweiterung unseres Handels als Fachh\u00e4ndler f\u00fcr Produkte der Marken Eurolite, Futurelite, Omnilux, Alutrass, Europalms, PSSO und Omnitronic<\/li><li>2012 Schulung zum &#8222;Laserschutzbeauftragten&#8220;, welcher bei Laserleistungen \u00fcber 5mW im \u00f6ffentlichen Bereich ben\u00f6tigt wird! Fragen Sie uns! Erfolgreiche Teilnahme am Moderationsworkshop mit Robert Drechsler (Hitradio RTL \/ Radio Dresden).<\/li><\/ul>\t\t\t\t\t\t\t\t<\/div>\n\t\t\t\t<\/div>\n\t\t\t\t\t<\/div>\n\t\t<\/div>\n\t\t\t\t\t<\/div>\n\t\t<\/section>\n\t\t\t\t<\/div>\n\t\t","protected":false},"excerpt":{"rendered":"<p>Auf unserer Homepage m\u00f6chten wir ihnen einen kleinen Einblick in unser Unternehmen geben. Im Vordergrund steht hier nat\u00fcrlich der &#8222;Summer-Time-Dance-Shop&#8220; &#8211; die mobile Diskothek f\u00fcr die Oberlausitz. +++ NEU +++\u00a0Unser Komplettes\u00a0Musikarchiv ist bei der GEMA lizensiert! Geschichte: 1985 Gr\u00fcndung der Diskothek (damals unter dem Namen &#8222;Fireman Diskothek&#8220; mit den Mitgliedern Torsten Mai, Thomas Priebsch, Michael [&hellip;]<\/p>\n","protected":false},"author":1,"featured_media":0,"parent":0,"menu_order":0,"comment_status":"closed","ping_status":"closed","template":"","meta":{"_et_pb_use_builder":"","_et_pb_old_content":"","_et_gb_content_width":"","footnotes":""},"class_list":["post-8","page","type-page","status-publish","hentry"],"_links":{"self":[{"href":"https:\/\/stds-records.de\/index.php\/wp-json\/wp\/v2\/pages\/8","targetHints":{"allow":["GET"]}}],"collection":[{"href":"https:\/\/stds-records.de\/index.php\/wp-json\/wp\/v2\/pages"}],"about":[{"href":"https:\/\/stds-records.de\/index.php\/wp-json\/wp\/v2\/types\/page"}],"author":[{"embeddable":true,"href":"https:\/\/stds-records.de\/index.php\/wp-json\/wp\/v2\/users\/1"}],"replies":[{"embeddable":true,"href":"https:\/\/stds-records.de\/index.php\/wp-json\/wp\/v2\/comments?post=8"}],"version-history":[{"count":5,"href":"https:\/\/stds-records.de\/index.php\/wp-json\/wp\/v2\/pages\/8\/revisions"}],"predecessor-version":[{"id":19,"href":"https:\/\/stds-records.de\/index.php\/wp-json\/wp\/v2\/pages\/8\/revisions\/19"}],"wp:attachment":[{"href":"https:\/\/stds-records.de\/index.php\/wp-json\/wp\/v2\/media?parent=8"}],"curies":[{"name":"wp","href":"https:\/\/api.w.org\/{rel}","templated":true}]}}