{"id":30,"date":"2017-10-17T21:32:05","date_gmt":"2017-10-17T21:32:05","guid":{"rendered":"http:\/\/stds-records.de\/?page_id=30"},"modified":"2017-10-17T21:32:29","modified_gmt":"2017-10-17T21:32:29","slug":"feuerwerk","status":"publish","type":"page","link":"https:\/\/stds-records.de\/index.php\/feuerwerk\/","title":{"rendered":"Feuerwerk"},"content":{"rendered":"\t\t<div data-elementor-type=\"wp-post\" data-elementor-id=\"30\" class=\"elementor elementor-30 elementor-bc-flex-widget\">\n\t\t\t\t\t\t<section class=\"elementor-section elementor-top-section elementor-element elementor-element-novp0o6 elementor-section-boxed elementor-section-height-default elementor-section-height-default\" data-id=\"novp0o6\" data-element_type=\"section\">\n\t\t\t\t\t\t<div class=\"elementor-container elementor-column-gap-default\">\n\t\t\t\t\t<div class=\"elementor-column elementor-col-100 elementor-top-column elementor-element elementor-element-hcas6ci\" data-id=\"hcas6ci\" data-element_type=\"column\">\n\t\t\t<div class=\"elementor-widget-wrap elementor-element-populated\">\n\t\t\t\t\t\t<div class=\"elementor-element elementor-element-jffumzm elementor-widget elementor-widget-text-editor\" data-id=\"jffumzm\" data-element_type=\"widget\" data-widget_type=\"text-editor.default\">\n\t\t\t\t<div class=\"elementor-widget-container\">\n\t\t\t\t\t\t\t\t\t<p>Ein sch\u00f6ner H\u00f6hepunkt w\u00e4hrend Ihrer Veranstaltung k\u00f6nnte f\u00fcr Sie und Ihre G\u00e4ste ein Feuerwerk sein. Fragen Sie einfach bei uns an, wir beraten Sie gern.<\/p><p>Sie k\u00f6nnen Ihr Feuerwerk selbst z\u00fcnden oder Sie lehnen sich zur\u00fcck und genie\u00dfen einfach. Denn wir k\u00fcmmern uns von der Genehmigung \u00fcber den Aufbau bis hin zur Durchf\u00fchrung um alles.<\/p><p>Sie k\u00f6nnen nat\u00fcrlich bei uns auch Pyrotechnik kaufen, ohne uns zu buchen! Hierf\u00fcr kommen Sie einfach mit der Genehmigung der Zust\u00e4ndigen Gemeinde zu uns. Lassen Sie sich von uns beraten. Dann finden wir sicher genau das Richtige f\u00fcr Sie!<\/p>\t\t\t\t\t\t\t\t<\/div>\n\t\t\t\t<\/div>\n\t\t\t\t\t<\/div>\n\t\t<\/div>\n\t\t\t\t\t<\/div>\n\t\t<\/section>\n\t\t\t\t<\/div>\n\t\t","protected":false},"excerpt":{"rendered":"<p>Ein sch\u00f6ner H\u00f6hepunkt w\u00e4hrend Ihrer Veranstaltung k\u00f6nnte f\u00fcr Sie und Ihre G\u00e4ste ein Feuerwerk sein. Fragen Sie einfach bei uns an, wir beraten Sie gern. Sie k\u00f6nnen Ihr Feuerwerk selbst z\u00fcnden oder Sie lehnen sich zur\u00fcck und genie\u00dfen einfach. Denn wir k\u00fcmmern uns von der Genehmigung \u00fcber den Aufbau bis hin zur Durchf\u00fchrung um alles. [&hellip;]<\/p>\n","protected":false},"author":1,"featured_media":0,"parent":0,"menu_order":0,"comment_status":"closed","ping_status":"closed","template":"","meta":{"_et_pb_use_builder":"","_et_pb_old_content":"","_et_gb_content_width":"","footnotes":""},"class_list":["post-30","page","type-page","status-publish","hentry"],"_links":{"self":[{"href":"https:\/\/stds-records.de\/index.php\/wp-json\/wp\/v2\/pages\/30","targetHints":{"allow":["GET"]}}],"collection":[{"href":"https:\/\/stds-records.de\/index.php\/wp-json\/wp\/v2\/pages"}],"about":[{"href":"https:\/\/stds-records.de\/index.php\/wp-json\/wp\/v2\/types\/page"}],"author":[{"embeddable":true,"href":"https:\/\/stds-records.de\/index.php\/wp-json\/wp\/v2\/users\/1"}],"replies":[{"embeddable":true,"href":"https:\/\/stds-records.de\/index.php\/wp-json\/wp\/v2\/comments?post=30"}],"version-history":[{"count":2,"href":"https:\/\/stds-records.de\/index.php\/wp-json\/wp\/v2\/pages\/30\/revisions"}],"predecessor-version":[{"id":32,"href":"https:\/\/stds-records.de\/index.php\/wp-json\/wp\/v2\/pages\/30\/revisions\/32"}],"wp:attachment":[{"href":"https:\/\/stds-records.de\/index.php\/wp-json\/wp\/v2\/media?parent=30"}],"curies":[{"name":"wp","href":"https:\/\/api.w.org\/{rel}","templated":true}]}}