{"id":24,"date":"2017-10-17T21:29:17","date_gmt":"2017-10-17T21:29:17","guid":{"rendered":"http:\/\/stds-records.de\/?page_id=24"},"modified":"2017-10-17T21:29:17","modified_gmt":"2017-10-17T21:29:17","slug":"referenzen","status":"publish","type":"page","link":"https:\/\/stds-records.de\/index.php\/referenzen\/","title":{"rendered":"Referenzen"},"content":{"rendered":"\t\t<div data-elementor-type=\"wp-post\" data-elementor-id=\"24\" class=\"elementor elementor-24 elementor-bc-flex-widget\">\n\t\t\t\t\t\t<section class=\"elementor-section elementor-top-section elementor-element elementor-element-xfabcm7 elementor-section-boxed elementor-section-height-default elementor-section-height-default\" data-id=\"xfabcm7\" data-element_type=\"section\">\n\t\t\t\t\t\t<div class=\"elementor-container elementor-column-gap-default\">\n\t\t\t\t\t<div class=\"elementor-column elementor-col-100 elementor-top-column elementor-element elementor-element-s7ovain\" data-id=\"s7ovain\" data-element_type=\"column\">\n\t\t\t<div class=\"elementor-widget-wrap elementor-element-populated\">\n\t\t\t\t\t\t<div class=\"elementor-element elementor-element-1i354kq elementor-widget elementor-widget-text-editor\" data-id=\"1i354kq\" data-element_type=\"widget\" data-widget_type=\"text-editor.default\">\n\t\t\t\t<div class=\"elementor-widget-container\">\n\t\t\t\t\t\t\t\t\t<h3><em>Hier ein kleiner Einblick \u00fcber einige unserer bisherigen \u00f6ffentlichen Auftritte:<\/em><\/h3><ul><li>Seit 1985 sind wir die &#8222;Haus und Hof&#8220;- Diskothek des\u00a0<a href=\"http:\/\/www.kkc-ev.de\/\">Kunnersdorfer Karnevals Clubs<\/a><\/li><li>j\u00e4hrliches Sommerfest der Vereine in Spitzkunnersdorf<\/li><li>Diskotheken: Stad\u2019l &#8211; Neugersdorf \/ Karli Haus &#8211; Seifhennersdorf \/ City Center &#8211; L\u00f6bau \/ Bally &#8211; Ebersbach \/ Bitz &#8211; Kodersdorf \/ V.I.P. Tanzbar \u2013 Neustadt\/Sa.<\/li><li>650 Jahre Spitzkunnersdorf<\/li><li>150 Jahre S\u00e4ngerbund Spitzkunnersdorf<\/li><li>Einweihung des neuen Ger\u00e4tehauses der FFw Spitzkunnersdorf<\/li><li>Festzelt &#8222;Kranich&#8220; auf dem Jakobi Markt<\/li><li>Oldieparty im &#8222;Kleinen Bad&#8220; in Gro\u00dfsch\u00f6nau 1998 &#8211; 2001 regelm\u00e4\u00dfig<\/li><li>Erntekranzbaude Oppach 1998 &#8211; 2000 regelm\u00e4\u00dfig<\/li><li>Sch\u00fclerball Oberoderwitz 2000 &#8211; 2011<\/li><li>Sch\u00fctzenfest Oberoderwitz 2003 &#8211; 2011<\/li><li>Deutsches Damast- und Frottiermuseum Gro\u00dfsch\u00f6nau 2003 &#8211; 2013<\/li><li>Feuerwehrspektakel 2005 gro\u00dfes Festzelt \/ 120 Jahre FFw Spitzkunnersdorf<\/li><li>2010 DJ Power Night \/ 25 Jahre Summer Time Dance Shop (zusammen mit neun weiteren Diskotheken aus der Region)<\/li><li>2010 125 Jahre Feuerwehr Spitzkunnersdorf<\/li><li>Volkshaus Zittau<\/li><li>zahlreiche Feuerwehr-, Vereins-, Betriebs-, Stadt- und Dorffeste<\/li><li>sowie Auftritte mit verschiedenen K\u00fcnstlern wie<ul><li>Fancy<\/li><li>Silent Circle<\/li><li>Cora<\/li><li>Blue System<\/li><li>Gunter Gabriel<\/li><li>Leo Bischof (dt.Elvis)<\/li><li>Zwinger Trio<\/li><li>B\u00f6ttcher u. Fischer<\/li><li>Opa Unger Show<\/li><li>Puhdys<\/li><li>Ulli Bastian<\/li><li>Klaus Densow<\/li><li>Chris Wolf<\/li><li>Hary Welling (Irland)<\/li><li>Western Railrod<\/li><li>Mike Kr\u00fcger<\/li><li>Kapelle Oberland &#8222;Adolf Kirtscher&#8220;<\/li><li>Zenker &amp; CO<\/li><li>Linda Feller<\/li><li>Peter Tschernig<\/li><li>Jolly Jumper<\/li><\/ul><\/li><\/ul><p>und auch unz\u00e4hlige Privatfeiern wie Hochzeiten, Weihnachtsfeiern, Geburtstage &#8230;<\/p>\t\t\t\t\t\t\t\t<\/div>\n\t\t\t\t<\/div>\n\t\t\t\t\t<\/div>\n\t\t<\/div>\n\t\t\t\t\t<\/div>\n\t\t<\/section>\n\t\t\t\t<\/div>\n\t\t","protected":false},"excerpt":{"rendered":"<p>Hier ein kleiner Einblick \u00fcber einige unserer bisherigen \u00f6ffentlichen Auftritte: Seit 1985 sind wir die &#8222;Haus und Hof&#8220;- Diskothek des\u00a0Kunnersdorfer Karnevals Clubs j\u00e4hrliches Sommerfest der Vereine in Spitzkunnersdorf Diskotheken: Stad\u2019l &#8211; Neugersdorf \/ Karli Haus &#8211; Seifhennersdorf \/ City Center &#8211; L\u00f6bau \/ Bally &#8211; Ebersbach \/ Bitz &#8211; Kodersdorf \/ V.I.P. Tanzbar \u2013 Neustadt\/Sa. [&hellip;]<\/p>\n","protected":false},"author":1,"featured_media":0,"parent":0,"menu_order":0,"comment_status":"closed","ping_status":"closed","template":"","meta":{"_et_pb_use_builder":"","_et_pb_old_content":"","_et_gb_content_width":"","footnotes":""},"class_list":["post-24","page","type-page","status-publish","hentry"],"_links":{"self":[{"href":"https:\/\/stds-records.de\/index.php\/wp-json\/wp\/v2\/pages\/24","targetHints":{"allow":["GET"]}}],"collection":[{"href":"https:\/\/stds-records.de\/index.php\/wp-json\/wp\/v2\/pages"}],"about":[{"href":"https:\/\/stds-records.de\/index.php\/wp-json\/wp\/v2\/types\/page"}],"author":[{"embeddable":true,"href":"https:\/\/stds-records.de\/index.php\/wp-json\/wp\/v2\/users\/1"}],"replies":[{"embeddable":true,"href":"https:\/\/stds-records.de\/index.php\/wp-json\/wp\/v2\/comments?post=24"}],"version-history":[{"count":2,"href":"https:\/\/stds-records.de\/index.php\/wp-json\/wp\/v2\/pages\/24\/revisions"}],"predecessor-version":[{"id":26,"href":"https:\/\/stds-records.de\/index.php\/wp-json\/wp\/v2\/pages\/24\/revisions\/26"}],"wp:attachment":[{"href":"https:\/\/stds-records.de\/index.php\/wp-json\/wp\/v2\/media?parent=24"}],"curies":[{"name":"wp","href":"https:\/\/api.w.org\/{rel}","templated":true}]}}